{"id":22,"date":"2023-10-01T07:38:49","date_gmt":"2023-10-01T05:38:49","guid":{"rendered":"http:\/\/wynajmijmikolaja.pl\/?page_id=22"},"modified":"2023-11-30T18:01:50","modified_gmt":"2023-11-30T17:01:50","slug":"kontakt","status":"publish","type":"page","link":"https:\/\/wynajmijmikolaja.pl\/?page_id=22","title":{"rendered":"Kontakt"},"content":{"rendered":"\n<p><strong>Zapraszamy do kontaktu z nasz\u0105 ekip\u0105 &#8211; Elfy ju\u017c czekaj\u0105 na Was!<\/strong><\/p>\n\n\n\n<p>Sport-fit Dariusz Ilnicki, ul. Stawowa 18a, <strong>&nbsp;<\/strong>32-040 \u015awi\u0105tniki G\u00f3rne <\/p>\n\n\n\n<p>\u260e 600 131 138 <\/p>\n\n\n\n<p>\ud83d\udce7 wynajmijmikolaja24@gmail.com<\/p>\n\n\n\n<p>NIP: 7931508891 REGON &#8211; 180388705<\/p>\n\n\n\n<figure class=\"wp-block-image size-large\"><img fetchpriority=\"high\" decoding=\"async\" width=\"1024\" height=\"685\" src=\"http:\/\/wynajmijmikolaja.pl\/wp-content\/uploads\/2023\/10\/jonathan-borba-vcX5AhBwk6s-unsplash-1024x685.jpg\" alt=\"\" class=\"wp-image-71\" srcset=\"https:\/\/wynajmijmikolaja.pl\/wp-content\/uploads\/2023\/10\/jonathan-borba-vcX5AhBwk6s-unsplash-1024x685.jpg 1024w, https:\/\/wynajmijmikolaja.pl\/wp-content\/uploads\/2023\/10\/jonathan-borba-vcX5AhBwk6s-unsplash-300x201.jpg 300w, https:\/\/wynajmijmikolaja.pl\/wp-content\/uploads\/2023\/10\/jonathan-borba-vcX5AhBwk6s-unsplash-768x514.jpg 768w, https:\/\/wynajmijmikolaja.pl\/wp-content\/uploads\/2023\/10\/jonathan-borba-vcX5AhBwk6s-unsplash-1536x1027.jpg 1536w, https:\/\/wynajmijmikolaja.pl\/wp-content\/uploads\/2023\/10\/jonathan-borba-vcX5AhBwk6s-unsplash-2048x1370.jpg 2048w\" sizes=\"(max-width: 1024px) 100vw, 1024px\" \/><\/figure>\n\n\n\n<figure class=\"wp-block-gallery has-nested-images columns-default is-cropped wp-block-gallery-1 is-layout-flex wp-block-gallery-is-layout-flex\">\n<figure class=\"wp-block-image size-large\"><img decoding=\"async\" width=\"766\" height=\"1024\" data-id=\"116\" src=\"https:\/\/wynajmijmikolaja.pl\/wp-content\/uploads\/2023\/11\/IMG_20221203_115041-766x1024.jpg\" alt=\"\" class=\"wp-image-116\" srcset=\"https:\/\/wynajmijmikolaja.pl\/wp-content\/uploads\/2023\/11\/IMG_20221203_115041-766x1024.jpg 766w, https:\/\/wynajmijmikolaja.pl\/wp-content\/uploads\/2023\/11\/IMG_20221203_115041-225x300.jpg 225w, https:\/\/wynajmijmikolaja.pl\/wp-content\/uploads\/2023\/11\/IMG_20221203_115041-768x1026.jpg 768w, https:\/\/wynajmijmikolaja.pl\/wp-content\/uploads\/2023\/11\/IMG_20221203_115041-1150x1536.jpg 1150w, https:\/\/wynajmijmikolaja.pl\/wp-content\/uploads\/2023\/11\/IMG_20221203_115041-1533x2048.jpg 1533w, https:\/\/wynajmijmikolaja.pl\/wp-content\/uploads\/2023\/11\/IMG_20221203_115041-scaled.jpg 1916w\" sizes=\"(max-width: 766px) 100vw, 766px\" \/><\/figure>\n\n\n\n<figure class=\"wp-block-image size-large\"><img decoding=\"async\" width=\"768\" height=\"1024\" data-id=\"117\" src=\"https:\/\/wynajmijmikolaja.pl\/wp-content\/uploads\/2023\/11\/IMG-20221206-WA0001-768x1024.jpg\" alt=\"\" class=\"wp-image-117\" srcset=\"https:\/\/wynajmijmikolaja.pl\/wp-content\/uploads\/2023\/11\/IMG-20221206-WA0001-768x1024.jpg 768w, https:\/\/wynajmijmikolaja.pl\/wp-content\/uploads\/2023\/11\/IMG-20221206-WA0001-225x300.jpg 225w, https:\/\/wynajmijmikolaja.pl\/wp-content\/uploads\/2023\/11\/IMG-20221206-WA0001-1152x1536.jpg 1152w, https:\/\/wynajmijmikolaja.pl\/wp-content\/uploads\/2023\/11\/IMG-20221206-WA0001.jpg 1536w\" sizes=\"(max-width: 768px) 100vw, 768px\" \/><\/figure>\n<\/figure>\n","protected":false},"excerpt":{"rendered":"<p>Zapraszamy do kontaktu z nasz\u0105 ekip\u0105 &#8211; Elfy ju\u017c czekaj\u0105 na Was! Sport-fit Dariusz Ilnicki, ul. Stawowa 18a, &nbsp;32-040 \u015awi\u0105tniki G\u00f3rne \u260e 600 131 138 \ud83d\udce7 wynajmijmikolaja24@gmail.com NIP: 7931508891 REGON &#8211; 180388705<\/p>\n","protected":false},"author":2,"featured_media":0,"parent":0,"menu_order":0,"comment_status":"closed","ping_status":"closed","template":"","meta":{"footnotes":""},"class_list":["post-22","page","type-page","status-publish","hentry"],"yoast_head":"<!-- This site is optimized with the Yoast SEO plugin v27.4 - https:\/\/yoast.com\/product\/yoast-seo-wordpress\/ -->\n<title>Kontakt - WynajmijMiko\u0142aja<\/title>\n<meta name=\"robots\" content=\"index, follow, max-snippet:-1, max-image-preview:large, max-video-preview:-1\" \/>\n<link rel=\"canonical\" href=\"https:\/\/wynajmijmikolaja.pl\/?page_id=22\" \/>\n<meta property=\"og:locale\" content=\"pl_PL\" \/>\n<meta property=\"og:type\" content=\"article\" \/>\n<meta property=\"og:title\" content=\"Kontakt - WynajmijMiko\u0142aja\" \/>\n<meta property=\"og:description\" content=\"Zapraszamy do kontaktu z nasz\u0105 ekip\u0105 &#8211; Elfy ju\u017c czekaj\u0105 na Was! Sport-fit Dariusz Ilnicki, ul. Stawowa 18a, &nbsp;32-040 \u015awi\u0105tniki G\u00f3rne \u260e 600 131 138 \ud83d\udce7 wynajmijmikolaja24@gmail.com NIP: 7931508891 REGON &#8211; 180388705\" \/>\n<meta property=\"og:url\" content=\"https:\/\/wynajmijmikolaja.pl\/?page_id=22\" \/>\n<meta property=\"og:site_name\" content=\"WynajmijMiko\u0142aja\" \/>\n<meta property=\"article:modified_time\" content=\"2023-11-30T17:01:50+00:00\" \/>\n<meta property=\"og:image\" content=\"http:\/\/wynajmijmikolaja.pl\/wp-content\/uploads\/2023\/10\/jonathan-borba-vcX5AhBwk6s-unsplash-1024x685.jpg\" \/>\n<meta name=\"twitter:card\" content=\"summary_large_image\" \/>\n<meta name=\"twitter:label1\" content=\"Szacowany czas czytania\" \/>\n\t<meta name=\"twitter:data1\" content=\"1 minuta\" \/>\n<script type=\"application\/ld+json\" class=\"yoast-schema-graph\">{\"@context\":\"https:\\\/\\\/schema.org\",\"@graph\":[{\"@type\":\"WebPage\",\"@id\":\"https:\\\/\\\/wynajmijmikolaja.pl\\\/?page_id=22\",\"url\":\"https:\\\/\\\/wynajmijmikolaja.pl\\\/?page_id=22\",\"name\":\"Kontakt - WynajmijMiko\u0142aja\",\"isPartOf\":{\"@id\":\"https:\\\/\\\/wynajmijmikolaja.pl\\\/#website\"},\"primaryImageOfPage\":{\"@id\":\"https:\\\/\\\/wynajmijmikolaja.pl\\\/?page_id=22#primaryimage\"},\"image\":{\"@id\":\"https:\\\/\\\/wynajmijmikolaja.pl\\\/?page_id=22#primaryimage\"},\"thumbnailUrl\":\"http:\\\/\\\/wynajmijmikolaja.pl\\\/wp-content\\\/uploads\\\/2023\\\/10\\\/jonathan-borba-vcX5AhBwk6s-unsplash-1024x685.jpg\",\"datePublished\":\"2023-10-01T05:38:49+00:00\",\"dateModified\":\"2023-11-30T17:01:50+00:00\",\"breadcrumb\":{\"@id\":\"https:\\\/\\\/wynajmijmikolaja.pl\\\/?page_id=22#breadcrumb\"},\"inLanguage\":\"pl-PL\",\"potentialAction\":[{\"@type\":\"ReadAction\",\"target\":[\"https:\\\/\\\/wynajmijmikolaja.pl\\\/?page_id=22\"]}]},{\"@type\":\"ImageObject\",\"inLanguage\":\"pl-PL\",\"@id\":\"https:\\\/\\\/wynajmijmikolaja.pl\\\/?page_id=22#primaryimage\",\"url\":\"https:\\\/\\\/wynajmijmikolaja.pl\\\/wp-content\\\/uploads\\\/2023\\\/10\\\/jonathan-borba-vcX5AhBwk6s-unsplash-scaled.jpg\",\"contentUrl\":\"https:\\\/\\\/wynajmijmikolaja.pl\\\/wp-content\\\/uploads\\\/2023\\\/10\\\/jonathan-borba-vcX5AhBwk6s-unsplash-scaled.jpg\",\"width\":2560,\"height\":1712},{\"@type\":\"BreadcrumbList\",\"@id\":\"https:\\\/\\\/wynajmijmikolaja.pl\\\/?page_id=22#breadcrumb\",\"itemListElement\":[{\"@type\":\"ListItem\",\"position\":1,\"name\":\"Home\",\"item\":\"https:\\\/\\\/wynajmijmikolaja.pl\\\/\"},{\"@type\":\"ListItem\",\"position\":2,\"name\":\"Kontakt\"}]},{\"@type\":\"WebSite\",\"@id\":\"https:\\\/\\\/wynajmijmikolaja.pl\\\/#website\",\"url\":\"https:\\\/\\\/wynajmijmikolaja.pl\\\/\",\"name\":\"WynajmijMiko\u0142aja\",\"description\":\"\",\"potentialAction\":[{\"@type\":\"SearchAction\",\"target\":{\"@type\":\"EntryPoint\",\"urlTemplate\":\"https:\\\/\\\/wynajmijmikolaja.pl\\\/?s={search_term_string}\"},\"query-input\":{\"@type\":\"PropertyValueSpecification\",\"valueRequired\":true,\"valueName\":\"search_term_string\"}}],\"inLanguage\":\"pl-PL\"}]}<\/script>\n<!-- \/ Yoast SEO plugin. -->","yoast_head_json":{"title":"Kontakt - WynajmijMiko\u0142aja","robots":{"index":"index","follow":"follow","max-snippet":"max-snippet:-1","max-image-preview":"max-image-preview:large","max-video-preview":"max-video-preview:-1"},"canonical":"https:\/\/wynajmijmikolaja.pl\/?page_id=22","og_locale":"pl_PL","og_type":"article","og_title":"Kontakt - WynajmijMiko\u0142aja","og_description":"Zapraszamy do kontaktu z nasz\u0105 ekip\u0105 &#8211; Elfy ju\u017c czekaj\u0105 na Was! Sport-fit Dariusz Ilnicki, ul. Stawowa 18a, &nbsp;32-040 \u015awi\u0105tniki G\u00f3rne \u260e 600 131 138 \ud83d\udce7 wynajmijmikolaja24@gmail.com NIP: 7931508891 REGON &#8211; 180388705","og_url":"https:\/\/wynajmijmikolaja.pl\/?page_id=22","og_site_name":"WynajmijMiko\u0142aja","article_modified_time":"2023-11-30T17:01:50+00:00","og_image":[{"url":"http:\/\/wynajmijmikolaja.pl\/wp-content\/uploads\/2023\/10\/jonathan-borba-vcX5AhBwk6s-unsplash-1024x685.jpg","type":"","width":"","height":""}],"twitter_card":"summary_large_image","twitter_misc":{"Szacowany czas czytania":"1 minuta"},"schema":{"@context":"https:\/\/schema.org","@graph":[{"@type":"WebPage","@id":"https:\/\/wynajmijmikolaja.pl\/?page_id=22","url":"https:\/\/wynajmijmikolaja.pl\/?page_id=22","name":"Kontakt - WynajmijMiko\u0142aja","isPartOf":{"@id":"https:\/\/wynajmijmikolaja.pl\/#website"},"primaryImageOfPage":{"@id":"https:\/\/wynajmijmikolaja.pl\/?page_id=22#primaryimage"},"image":{"@id":"https:\/\/wynajmijmikolaja.pl\/?page_id=22#primaryimage"},"thumbnailUrl":"http:\/\/wynajmijmikolaja.pl\/wp-content\/uploads\/2023\/10\/jonathan-borba-vcX5AhBwk6s-unsplash-1024x685.jpg","datePublished":"2023-10-01T05:38:49+00:00","dateModified":"2023-11-30T17:01:50+00:00","breadcrumb":{"@id":"https:\/\/wynajmijmikolaja.pl\/?page_id=22#breadcrumb"},"inLanguage":"pl-PL","potentialAction":[{"@type":"ReadAction","target":["https:\/\/wynajmijmikolaja.pl\/?page_id=22"]}]},{"@type":"ImageObject","inLanguage":"pl-PL","@id":"https:\/\/wynajmijmikolaja.pl\/?page_id=22#primaryimage","url":"https:\/\/wynajmijmikolaja.pl\/wp-content\/uploads\/2023\/10\/jonathan-borba-vcX5AhBwk6s-unsplash-scaled.jpg","contentUrl":"https:\/\/wynajmijmikolaja.pl\/wp-content\/uploads\/2023\/10\/jonathan-borba-vcX5AhBwk6s-unsplash-scaled.jpg","width":2560,"height":1712},{"@type":"BreadcrumbList","@id":"https:\/\/wynajmijmikolaja.pl\/?page_id=22#breadcrumb","itemListElement":[{"@type":"ListItem","position":1,"name":"Home","item":"https:\/\/wynajmijmikolaja.pl\/"},{"@type":"ListItem","position":2,"name":"Kontakt"}]},{"@type":"WebSite","@id":"https:\/\/wynajmijmikolaja.pl\/#website","url":"https:\/\/wynajmijmikolaja.pl\/","name":"WynajmijMiko\u0142aja","description":"","potentialAction":[{"@type":"SearchAction","target":{"@type":"EntryPoint","urlTemplate":"https:\/\/wynajmijmikolaja.pl\/?s={search_term_string}"},"query-input":{"@type":"PropertyValueSpecification","valueRequired":true,"valueName":"search_term_string"}}],"inLanguage":"pl-PL"}]}},"_links":{"self":[{"href":"https:\/\/wynajmijmikolaja.pl\/index.php?rest_route=\/wp\/v2\/pages\/22","targetHints":{"allow":["GET"]}}],"collection":[{"href":"https:\/\/wynajmijmikolaja.pl\/index.php?rest_route=\/wp\/v2\/pages"}],"about":[{"href":"https:\/\/wynajmijmikolaja.pl\/index.php?rest_route=\/wp\/v2\/types\/page"}],"author":[{"embeddable":true,"href":"https:\/\/wynajmijmikolaja.pl\/index.php?rest_route=\/wp\/v2\/users\/2"}],"replies":[{"embeddable":true,"href":"https:\/\/wynajmijmikolaja.pl\/index.php?rest_route=%2Fwp%2Fv2%2Fcomments&post=22"}],"version-history":[{"count":10,"href":"https:\/\/wynajmijmikolaja.pl\/index.php?rest_route=\/wp\/v2\/pages\/22\/revisions"}],"predecessor-version":[{"id":155,"href":"https:\/\/wynajmijmikolaja.pl\/index.php?rest_route=\/wp\/v2\/pages\/22\/revisions\/155"}],"wp:attachment":[{"href":"https:\/\/wynajmijmikolaja.pl\/index.php?rest_route=%2Fwp%2Fv2%2Fmedia&parent=22"}],"curies":[{"name":"wp","href":"https:\/\/api.w.org\/{rel}","templated":true}]}}